{"id":163,"date":"2014-07-08T20:32:45","date_gmt":"2014-07-08T19:32:45","guid":{"rendered":"http:\/\/localhost\/ESA\/wp\/?page_id=163"},"modified":"2025-11-07T19:32:57","modified_gmt":"2025-11-07T18:32:57","slug":"napiste","status":"publish","type":"page","link":"http:\/\/www.esatrans.cz\/wp\/napiste\/","title":{"rendered":"Napi\u0161te n\u00e1m"},"content":{"rendered":"<p><img loading=\"lazy\" decoding=\"async\" data-id=\"1905\"  src=\"\/wp\/wp-content\/uploads\/2020\/08\/sl_6-1.jpg\" alt=\"\" width=\"920\" height=\"518\" class=\"alignnone size-full wp-image-1905\" srcset=\"http:\/\/www.esatrans.cz\/wp\/wp-content\/uploads\/2020\/08\/sl_6-1.jpg 460w, http:\/\/www.esatrans.cz\/wp\/wp-content\/uploads\/2020\/08\/sl_6-1-300x169.jpg 300w\" sizes=\"auto, (max-width: 920px) 100vw, 920px\" \/><\/p>\n<p><strong><span style=\"color: #ff0000;\">V souvislosti s nov\u00fdm na\u0159\u00edzen\u00edm EU o ochran\u011b osobn\u00edch \u00fadaj\u016f<\/span><\/strong> neboli General Data Protection Regulation (<strong><span style=\"color: #ff0000;\">GDPR<\/span><\/strong>), kter\u00e9 vstupuje v platnost 25.5.2018, V\u00e1m oznamujeme, \u017ee odesl\u00e1n\u00edm Va\u0161ich dat z tohoto \u201eKontaktn\u00edho formul\u00e1\u0159e\u201c souhlas\u00edte se zpracov\u00e1n\u00edm Va\u0161ich osobn\u00edch \u00fadaj\u016f dle platn\u00e9 legislativy. Va\u0161e osobn\u00ed \u00fadaje pou\u017e\u00edv\u00e1me pouze za \u00fa\u010delem na\u0161\u00ed ekonomick\u00e9 \u010dinnosti a neposkytujeme je t\u0159et\u00edm stran\u00e1m.<\/p>\n\n<div class=\"wpcf7 no-js\" id=\"wpcf7-f1741-o1\" lang=\"cs-CZ\" dir=\"ltr\" data-wpcf7-id=\"1741\">\n<div class=\"screen-reader-response\"><p role=\"status\" aria-live=\"polite\" aria-atomic=\"true\"><\/p> <ul><\/ul><\/div>\n<form action=\"\/wp\/wp-json\/wp\/v2\/pages\/163#wpcf7-f1741-o1\" method=\"post\" class=\"wpcf7-form init\" aria-label=\"Kontaktn\u00ed formul\u00e1\u0159\" novalidate=\"novalidate\" data-status=\"init\">\n<fieldset class=\"hidden-fields-container\"><input type=\"hidden\" name=\"_wpcf7\" value=\"1741\" \/><input type=\"hidden\" name=\"_wpcf7_version\" value=\"6.1.4\" \/><input type=\"hidden\" name=\"_wpcf7_locale\" value=\"cs_CZ\" \/><input type=\"hidden\" name=\"_wpcf7_unit_tag\" value=\"wpcf7-f1741-o1\" \/><input type=\"hidden\" name=\"_wpcf7_container_post\" value=\"0\" \/><input type=\"hidden\" name=\"_wpcf7_posted_data_hash\" value=\"\" \/>\n<\/fieldset>\n<p><label> Va\u0161e jm\u00e9no (vy\u017eadov\u00e1no)<br \/>\n<span class=\"wpcf7-form-control-wrap\" data-name=\"your-name\"><input size=\"40\" maxlength=\"400\" class=\"wpcf7-form-control wpcf7-text wpcf7-validates-as-required\" aria-required=\"true\" aria-invalid=\"false\" value=\"\" type=\"text\" name=\"your-name\" \/><\/span> <\/label><br \/>\n<label> V\u00e1\u0161 e-mail (vy\u017eadov\u00e1no)<br \/>\n<span class=\"wpcf7-form-control-wrap\" data-name=\"your-email\"><input size=\"40\" maxlength=\"400\" class=\"wpcf7-form-control wpcf7-email wpcf7-validates-as-required wpcf7-text wpcf7-validates-as-email\" aria-required=\"true\" aria-invalid=\"false\" value=\"\" type=\"email\" name=\"your-email\" \/><\/span> <\/label><br \/>\n<label>Va\u0161e zpr\u00e1va<br \/>\n<span class=\"wpcf7-form-control-wrap\" data-name=\"your-message\"><textarea cols=\"40\" rows=\"10\" maxlength=\"2000\" class=\"wpcf7-form-control wpcf7-textarea\" aria-invalid=\"false\" name=\"your-message\"><\/textarea><\/span><\/label>\n<\/p>\n<p><span class=\"wpcf7-form-control-wrap\" data-name=\"quiz-808\"><label><span class=\"wpcf7-quiz-label\">Kontroln\u00ed ot\u00e1zka : 20 - 20 = ?<\/span> <input size=\"40\" class=\"wpcf7-form-control wpcf7-quiz\" autocomplete=\"off\" aria-required=\"true\" aria-invalid=\"false\" type=\"text\" name=\"quiz-808\" \/><\/label><input type=\"hidden\" name=\"_wpcf7_quiz_answer_quiz-808\" value=\"d54684b91101874fbc592f053848ac5f\" \/><\/span>\n<\/p>\n<p><input class=\"wpcf7-form-control wpcf7-submit has-spinner\" type=\"submit\" value=\"Odeslat\" \/>\n<\/p><p style=\"display: none !important;\" class=\"akismet-fields-container\" data-prefix=\"_wpcf7_ak_\"><label>&#916;<textarea name=\"_wpcf7_ak_hp_textarea\" cols=\"45\" rows=\"8\" maxlength=\"100\"><\/textarea><\/label><input type=\"hidden\" id=\"ak_js_1\" name=\"_wpcf7_ak_js\" value=\"180\"\/><script>document.getElementById( \"ak_js_1\" ).setAttribute( \"value\", ( new Date() ).getTime() );<\/script><\/p><div class=\"wpcf7-response-output\" aria-hidden=\"true\"><\/div>\n<\/form>\n<\/div>\n\n","protected":false},"excerpt":{"rendered":"<p>V souvislosti s nov\u00fdm na\u0159\u00edzen\u00edm EU o ochran\u011b osobn\u00edch \u00fadaj\u016f neboli General Data Protection Regulation (GDPR), kter\u00e9 vstupuje v platnost 25.5.2018, V\u00e1m oznamujeme, \u017ee odesl\u00e1n\u00edm Va\u0161ich dat z tohoto \u201eKontaktn\u00edho formul\u00e1\u0159e\u201c souhlas\u00edte se zpracov\u00e1n\u00edm Va\u0161ich osobn\u00edch \u00fadaj\u016f dle platn\u00e9 legislativy. &hellip; <a href=\"http:\/\/www.esatrans.cz\/wp\/napiste\/\">Cel\u00fd p\u0159\u00edsp\u011bvek <span class=\"meta-nav\">&rarr;<\/span><\/a> <a href=\"http:\/\/www.esatrans.cz\/wp\/napiste\/\">Cel\u00fd p\u0159\u00edsp\u011bvek <span class=\"meta-nav\">&rarr;<\/span><\/a><\/p>\n","protected":false},"author":1,"featured_media":0,"parent":0,"menu_order":0,"comment_status":"closed","ping_status":"closed","template":"sidebar-page.php","meta":{"footnotes":""},"class_list":["post-163","page","type-page","status-publish","hentry"],"_links":{"self":[{"href":"http:\/\/www.esatrans.cz\/wp\/wp-json\/wp\/v2\/pages\/163","targetHints":{"allow":["GET"]}}],"collection":[{"href":"http:\/\/www.esatrans.cz\/wp\/wp-json\/wp\/v2\/pages"}],"about":[{"href":"http:\/\/www.esatrans.cz\/wp\/wp-json\/wp\/v2\/types\/page"}],"author":[{"embeddable":true,"href":"http:\/\/www.esatrans.cz\/wp\/wp-json\/wp\/v2\/users\/1"}],"replies":[{"embeddable":true,"href":"http:\/\/www.esatrans.cz\/wp\/wp-json\/wp\/v2\/comments?post=163"}],"version-history":[{"count":5,"href":"http:\/\/www.esatrans.cz\/wp\/wp-json\/wp\/v2\/pages\/163\/revisions"}],"predecessor-version":[{"id":2037,"href":"http:\/\/www.esatrans.cz\/wp\/wp-json\/wp\/v2\/pages\/163\/revisions\/2037"}],"wp:attachment":[{"href":"http:\/\/www.esatrans.cz\/wp\/wp-json\/wp\/v2\/media?parent=163"}],"curies":[{"name":"wp","href":"https:\/\/api.w.org\/{rel}","templated":true}]}}