{"id":1788,"date":"2020-08-27T10:42:24","date_gmt":"2020-08-27T08:42:24","guid":{"rendered":"http:\/\/www.esa1.jzizka.eu\/subdom\/esa1\/?page_id=1788"},"modified":"2020-08-27T10:42:24","modified_gmt":"2020-08-27T08:42:24","slug":"ueber-uns-2","status":"publish","type":"page","link":"http:\/\/www.esatrans.cz\/wp\/de\/ueber-uns-2\/","title":{"rendered":"\u00dcber uns"},"content":{"rendered":"<div id=\"slide\">\n<div id=\"slide2\" style=\"text-align: center;\"><div tabindex=\"0\" class=\"cycloneslider cycloneslider-template-standard cycloneslider-width-full\" id=\"cycloneslider-titulni_de-1\" > <div class=\"cycloneslider-slides cycle-slideshow\" data-cycle-allow-wrap=\"true\" data-cycle-dynamic-height=\"off\" data-cycle-auto-height=\"460:259\" data-cycle-auto-height-easing=\"null\" data-cycle-auto-height-speed=\"250\" data-cycle-delay=\"0\" data-cycle-easing=\"\" data-cycle-fx=\"scrollHorz\" data-cycle-hide-non-active=\"true\" data-cycle-log=\"false\" data-cycle-next=\"#cycloneslider-titulni_de-1 .cycloneslider-next\" data-cycle-pager=\"#cycloneslider-titulni_de-1 .cycloneslider-pager\" data-cycle-pause-on-hover=\"false\" data-cycle-prev=\"#cycloneslider-titulni_de-1 .cycloneslider-prev\" data-cycle-slides=\"&gt; div\" data-cycle-speed=\"1000\" data-cycle-swipe=\"false\" data-cycle-tile-count=\"7\" data-cycle-tile-delay=\"100\" data-cycle-tile-vertical=\"true\" data-cycle-timeout=\"2500\" > <div class=\"cycloneslider-slide cycloneslider-slide-image\" > <img decoding=\"async\" src=\"http:\/\/www.esatrans.cz\/wp\/wp-content\/uploads\/2020\/08\/sl_1_de.jpg\" alt=\"\" title=\"\" \/> <\/div> <div class=\"cycloneslider-slide cycloneslider-slide-image\" > <img decoding=\"async\" src=\"http:\/\/www.esatrans.cz\/wp\/wp-content\/uploads\/2020\/08\/sl_2_de-e1598531406998.jpg\" alt=\"\" title=\"\" \/> <\/div> <div class=\"cycloneslider-slide cycloneslider-slide-image\" > <img decoding=\"async\" src=\"http:\/\/www.esatrans.cz\/wp\/wp-content\/uploads\/2020\/08\/sl_3_de.jpg\" alt=\"\" title=\"\" \/> <\/div> <div class=\"cycloneslider-slide cycloneslider-slide-image\" > <img decoding=\"async\" src=\"http:\/\/www.esatrans.cz\/wp\/wp-content\/uploads\/2020\/08\/sl_4_de.jpg\" alt=\"\" title=\"\" \/> <\/div> <div class=\"cycloneslider-slide cycloneslider-slide-image\" > <img decoding=\"async\" src=\"http:\/\/www.esatrans.cz\/wp\/wp-content\/uploads\/2020\/08\/sl_5_de.jpg\" alt=\"\" title=\"\" \/> <\/div> <div class=\"cycloneslider-slide cycloneslider-slide-image\" > <img decoding=\"async\" src=\"http:\/\/www.esatrans.cz\/wp\/wp-content\/uploads\/2020\/08\/sl_6_de.jpg\" alt=\"\" title=\"\" \/> <\/div> <\/div> <div class=\"cycloneslider-pager\"><\/div> <a href=\"#\" class=\"cycloneslider-prev\"> <span class=\"arrow\"><\/span> <\/a> <a href=\"#\" class=\"cycloneslider-next\"> <span class=\"arrow\"><\/span> <\/a> <\/div><\/div>\n<\/div>\n<p><!-- slide --><\/p>\n<h1>WILLKOMMEN IN DER ESATRANS Jihlava s.r.o.<\/h1>\n<p>Die Gesellschaft <strong>ESATRANS Jihlava s.r.o.<\/strong> wurde anfangs des Jahres 1994 gegr\u00fcndet . Die Grundlage der Firment\u00e4tigkeit wurde am Anfang nur die internationale und binnenl\u00e4ndische Spedition und damit zusammenh\u00e4ngende Dienstleistungen f\u00fcr die Kunden. Der Umfang der Dienstleistungen wurde allm\u00e4hlich um Zolldeklaration , Warelagerung und St\u00fcckgutverkehrsystem erweitert.<br \/>\n&nbsp;<\/p>\n<p style=\"padding-left: 0px;\"><strong>ESATRANS Jihlava s.r.o.<\/strong><\/p>\n<ul style=\"padding-left: 25px;\">\n<li>ist Lieferer von Speditionsdienstleistungen f\u00fcr G\u00fctertransporte , Erzeugnise ,Ware, Bauelemente, ADR-Ware , St\u00fcckgutware u.s.w. <\/li>\n<li>vermittelt Transporte nicht nur auf dem Gebiet der Tschechischen Republik aber auch am Europagebiet mit Orientierung auf EU-L\u00e4nder.<\/li>\n<li>gew\u00e4hrleistet die Transporte mit eigenen Fahrzeugen und Fahrzeugen von Vertragspartnern.<\/li>\n<li>bietet Transportleistungen, die sich nach den M\u00f6glichkeiten voll dem Wunsch des Kunden unterstellen.<\/li>\n<\/ul>\n<p>&nbsp;<\/p>\n<p style=\"padding-left: 0px;\"><strong>Bei Leistung der Dienstleistungen legt die Gesellschaft ESATRANS Jihlava s.r.o. das Gewicht auf folgende Zeichen : <\/strong><\/p>\n<ul style=\"padding-left: 25px;\">\n<li>Termineinhaltung, Schnelligkeit, Kontinuit\u00e4t , Qualit\u00e4t<\/li>\n<li>G\u00fcnstiger Preis und Qualit\u00e4t des Transportes<\/li>\n<li>Sicherung und Versicherung der Ware<\/li>\n<li>Orientierung auf Sicherheit<\/li>\n<li>Vertrauensw\u00fcrdigkeit, H\u00f6flichkeit, Anstand<\/li>\n<\/ul>\n","protected":false},"excerpt":{"rendered":"<p>WILLKOMMEN IN DER ESATRANS Jihlava s.r.o. Die Gesellschaft ESATRANS Jihlava s.r.o. wurde anfangs des Jahres 1994 gegr\u00fcndet . Die Grundlage der Firment\u00e4tigkeit wurde am Anfang nur die internationale und binnenl\u00e4ndische Spedition und damit zusammenh\u00e4ngende Dienstleistungen f\u00fcr die Kunden. Der Umfang &hellip; <a href=\"http:\/\/www.esatrans.cz\/wp\/de\/ueber-uns-2\/\">Cel\u00fd p\u0159\u00edsp\u011bvek <span class=\"meta-nav\">&rarr;<\/span><\/a><\/p>\n","protected":false},"author":1,"featured_media":0,"parent":0,"menu_order":0,"comment_status":"closed","ping_status":"closed","template":"sidebar-page.php","meta":{"footnotes":""},"class_list":["post-1788","page","type-page","status-publish","hentry"],"_links":{"self":[{"href":"http:\/\/www.esatrans.cz\/wp\/wp-json\/wp\/v2\/pages\/1788","targetHints":{"allow":["GET"]}}],"collection":[{"href":"http:\/\/www.esatrans.cz\/wp\/wp-json\/wp\/v2\/pages"}],"about":[{"href":"http:\/\/www.esatrans.cz\/wp\/wp-json\/wp\/v2\/types\/page"}],"author":[{"embeddable":true,"href":"http:\/\/www.esatrans.cz\/wp\/wp-json\/wp\/v2\/users\/1"}],"replies":[{"embeddable":true,"href":"http:\/\/www.esatrans.cz\/wp\/wp-json\/wp\/v2\/comments?post=1788"}],"version-history":[{"count":1,"href":"http:\/\/www.esatrans.cz\/wp\/wp-json\/wp\/v2\/pages\/1788\/revisions"}],"predecessor-version":[{"id":1789,"href":"http:\/\/www.esatrans.cz\/wp\/wp-json\/wp\/v2\/pages\/1788\/revisions\/1789"}],"wp:attachment":[{"href":"http:\/\/www.esatrans.cz\/wp\/wp-json\/wp\/v2\/media?parent=1788"}],"curies":[{"name":"wp","href":"https:\/\/api.w.org\/{rel}","templated":true}]}}