{"id":219,"date":"2014-07-11T23:36:34","date_gmt":"2014-07-11T22:36:34","guid":{"rendered":"http:\/\/www.esatrans.cz\/wp\/?page_id=219"},"modified":"2025-11-04T22:14:59","modified_gmt":"2025-11-04T21:14:59","slug":"kontakty_2","status":"publish","type":"page","link":"http:\/\/www.esatrans.cz\/wp\/kontakty_2\/","title":{"rendered":"Kontakty"},"content":{"rendered":"<table border=\"0\" width=\"100%\" align=\"center\">\n<tbody>\n<tr>\n<td colspan=\"3\" ><strong><span style=\"color: #ff0000; font-size:20px\" >\u00daST\u0158EDNA :  +420 567 588 811<\/span><\/strong><\/td>\n<\/tr>\n<tr>\n<td colspan=\"2\"><strong>JEDNATEL SPOLE\u010cNOSTI<\/strong><\/td>\n<td align=\"right\">fax : +420 567 588 810<\/td>\n<\/tr>\n<tr>\n<td>Petr Fatrdla<\/td>\n<td>+420 567 588 829<\/td>\n<td align=\"right\"><a href=\"mailto:fatrdla@esatrans.cz\">e-mail<\/a><\/td>\n<\/tr>\n<tr>\n<td>Mobiln\u00ed telefon<\/td>\n<td colspan=\"2\">+420 603 456 024<\/td>\n<\/tr>\n<tr>\n<td colspan=\"3\" height=\"15\"><\/td>\n<\/tr>\n<tr>\n<td colspan=\"2\"><strong>FINAN\u010cN\u00cd, EKONOMICK\u00c9, PERSON\u00c1LN\u00cd ODD\u011aLEN\u00cd<\/strong><\/td>\n<td align=\"right\">fax : +420 567 588 810<\/td>\n<\/tr>\n<tr>\n<td>Ing. Roman Kr\u00e1l<\/td>\n<td>+420 567 588 815<\/td>\n<td align=\"right\"><a href=\"mailto:romankral@esatrans.cz\">e-mail<\/a><\/td>\n<\/tr>\n<tr>\n<td>Mobiln\u00ed telefon<\/td>\n<td colspan=\"2\">+420 703 375 475<\/td>\n<\/tr>\n<tr>\n<td colspan=\"3\" height=\"15\"><\/td>\n<\/tr>\n<tr>\n<td colspan=\"2\"><strong>V\u0160EOBECN\u00c1 \u00da\u010cT\u00c1RNA<\/strong><\/td>\n<td align=\"right\">fax : +420 567 588 810<\/td>\n<\/tr>\n<tr>\n<td>Franti\u0161ek Chv\u00e1tal<\/td>\n<td>+420 567 588 816<\/td>\n<td align=\"right\"><a href=\"mailto:chvatal@esatrans.cz\">e-mail<\/a><\/td>\n<\/tr>\n<tr>\n<td>Kl\u00e1ra Vackov\u00e1<\/td>\n<td>+420 567 588 817<\/td>\n<td align=\"right\"><a href=\"mailto:klara.vackova@esatrans.cz\">e-mail<\/a><\/td>\n<\/tr>\n<tr>\n<td>Mobiln\u00ed telefon<\/td>\n<td colspan=\"2\">+420 604 230 413<\/td>\n<\/tr>\n<tr>\n<td colspan=\"3\" height=\"15\"><\/td>\n<\/tr>\n<tr>\n<td colspan=\"2\"><strong>SKLADOV\u00dd ARE\u00c1L<\/strong><\/td>\n<td align=\"right\">fax : +420 567 588 810<\/td>\n<\/tr>\n<tr>\n<td>Petr Fatrdla<\/td>\n<td>+420 567 588 829<\/td>\n<td align=\"right\"><a href=\"mailto:fatrdla@esatrans.cz\">e-mail<\/a><\/td>\n<\/tr>\n<tr>\n<td>Mobiln\u00ed telefon<\/td>\n<td colspan=\"2\">+420 603 456 024<\/td>\n<\/tr>\n<tr>\n<td colspan=\"3\" height=\"15\"><\/td>\n<\/tr>\n<tr>\n<td colspan=\"2\"><strong>MEZIN\u00c1RODN\u00cd A TUZEMSK\u00c1 SPEDICE A DOPRAVA<\/strong><\/td>\n<td align=\"right\">fax : +420 567 588 810<\/td>\n<\/tr>\n<tr>\n<td>Petr Fatrdla<\/td>\n<td>+420 567 588 829<\/td>\n<td align=\"right\"><a href=\"mailto:fatrdla@esatrans.cz\">e-mail<\/a><\/td>\n<\/tr>\n<tr>\n<td>Mobiln\u00ed telefon<\/td>\n<td colspan=\"2\">+420 603 456 024<\/td>\n<\/tr>\n<tr>\n<td>Ji\u0159\u00ed Posp\u00ed\u0161il<\/td>\n<td>+420 567 588 818<\/td>\n<td align=\"right\"><a href=\"mailto:pospisil@esatrans.cz\">e-mail<\/a><\/td>\n<\/tr>\n<tr>\n<td>Mobiln\u00ed telefon<\/td>\n<td colspan=\"2\">+420 603 238 032<\/td>\n<\/tr>\n<tr>\n<td>Dispe\u010dink<\/td>\n<td>+420 567 588 819<\/td>\n<td align=\"right\"><a href=\"mailto:spedice@esatrans.cz\">e-mail<\/a><\/td>\n<\/tr>\n<tr>\n<td colspan=\"3\" height=\"15\"><\/td>\n<\/tr>\n<tr>\n<td colspan=\"2\"><strong>KUSOV\u00c9 Z\u00c1SILKY &#8211; OBJEDN\u00c1VKY, REKLAMACE<\/strong><\/td>\n<td align=\"right\">fax : +420 567 588 822<\/td>\n<\/tr>\n<tr>\n<td>Kate\u0159ina N\u011bmcov\u00e1<\/td>\n<td>+420 567 588 821<\/td>\n<td align=\"right\"><a href=\"mailto:esatrans@seznam.cz\">e-mail<\/a><\/td>\n<\/tr>\n<tr>\n<td>Dita Fatrdlov\u00e1<\/td>\n<td>+420 567 588 821<\/td>\n<td align=\"right\"><a href=\"mailto:esatrans@seznam.cz\">e-mail<\/a><\/td>\n<\/tr>\n<tr>\n<td>Mobiln\u00ed telefon<\/td>\n<td colspan=\"2\">+420 605 424 442<\/td>\n<\/tr>\n<tr>\n<td colspan=\"3\" height=\"15\"><\/td>\n<\/tr>\n<tr>\n<td colspan=\"2\"><strong>KUSOV\u00c9 Z\u00c1SILKY &#8211; OBJEDN\u00c1VKY, DISPE\u010cINK<\/strong><\/td>\n<td align=\"right\">fax : +420 567 588 825<\/td>\n<\/tr>\n<tr>\n<td>Ji\u0159\u00ed V\u00edzek<\/td>\n<td>+420 567 588 823<\/td>\n<td align=\"right\"><a href=\"mailto:rychla@esatrans.cz\">e-mail<\/a><\/td>\n<\/tr>\n<tr>\n<td>Ji\u0159ina Francov\u00e1<\/td>\n<td>+420 567 588 824<\/td>\n<td align=\"right\"><a href=\"mailto:rychla@esatrans.cz\">e-mail<\/a><\/td>\n<\/tr>\n<tr>\n<td>Mobiln\u00ed telefon<\/td>\n<td colspan=\"2\">+420 604 230 403<\/td>\n<\/tr>\n<tr>\n<td colspan=\"3\" height=\"15\"><\/td>\n<\/tr>\n<tr>\n<td colspan=\"2\"><strong>CELN\u00cd DEKLARACE<\/strong><\/td>\n<td align=\"right\">fax : +420 567 588 826<\/td>\n<\/tr>\n<tr>\n<td>Drahom\u00edra Fatrdlov\u00e1<\/td>\n<td>+420 567 588 827<\/td>\n<td align=\"right\"><a href=\"mailto:draha.fatrdlova@esatrans.cz\">e-mail<\/a><\/td>\n<\/tr>\n<tr>\n<td>Stanislava Nevesel\u00e1<\/td>\n<td>+420 567 588 828<\/td>\n<td align=\"right\"><a href=\"mailto:deklarace@esatrans.cz\">e-mail<\/a><\/td>\n<\/tr>\n<tr>\n<td>Mobiln\u00ed telefon<\/td>\n<td colspan=\"2\">+420 603 484 972<\/td>\n<\/tr>\n<\/tbody>\n<\/table>\n","protected":false},"excerpt":{"rendered":"<p>\u00daST\u0158EDNA : +420 567 588 811 JEDNATEL SPOLE\u010cNOSTI fax : +420 567 588 810 Petr Fatrdla +420 567 588 829 e-mail Mobiln\u00ed telefon +420 603 456 024 FINAN\u010cN\u00cd, EKONOMICK\u00c9, PERSON\u00c1LN\u00cd ODD\u011aLEN\u00cd fax : +420 567 588 810 Ing. Roman Kr\u00e1l &hellip; <a href=\"http:\/\/www.esatrans.cz\/wp\/kontakty_2\/\">Cel\u00fd p\u0159\u00edsp\u011bvek <span class=\"meta-nav\">&rarr;<\/span><\/a> <a href=\"http:\/\/www.esatrans.cz\/wp\/kontakty_2\/\">Cel\u00fd p\u0159\u00edsp\u011bvek <span class=\"meta-nav\">&rarr;<\/span><\/a><\/p>\n","protected":false},"author":1,"featured_media":0,"parent":0,"menu_order":0,"comment_status":"closed","ping_status":"closed","template":"sidebar-page.php","meta":{"footnotes":""},"class_list":["post-219","page","type-page","status-publish","hentry"],"_links":{"self":[{"href":"http:\/\/www.esatrans.cz\/wp\/wp-json\/wp\/v2\/pages\/219","targetHints":{"allow":["GET"]}}],"collection":[{"href":"http:\/\/www.esatrans.cz\/wp\/wp-json\/wp\/v2\/pages"}],"about":[{"href":"http:\/\/www.esatrans.cz\/wp\/wp-json\/wp\/v2\/types\/page"}],"author":[{"embeddable":true,"href":"http:\/\/www.esatrans.cz\/wp\/wp-json\/wp\/v2\/users\/1"}],"replies":[{"embeddable":true,"href":"http:\/\/www.esatrans.cz\/wp\/wp-json\/wp\/v2\/comments?post=219"}],"version-history":[{"count":4,"href":"http:\/\/www.esatrans.cz\/wp\/wp-json\/wp\/v2\/pages\/219\/revisions"}],"predecessor-version":[{"id":2006,"href":"http:\/\/www.esatrans.cz\/wp\/wp-json\/wp\/v2\/pages\/219\/revisions\/2006"}],"wp:attachment":[{"href":"http:\/\/www.esatrans.cz\/wp\/wp-json\/wp\/v2\/media?parent=219"}],"curies":[{"name":"wp","href":"https:\/\/api.w.org\/{rel}","templated":true}]}}